{"id":7,"date":"2023-09-21T11:22:00","date_gmt":"2023-09-21T14:22:00","guid":{"rendered":"https:\/\/bio-trainer.com\/portal\/events\/"},"modified":"2023-09-21T22:34:24","modified_gmt":"2023-09-22T01:34:24","slug":"events","status":"publish","type":"page","link":"https:\/\/bio-trainer.com\/portal\/","title":{"rendered":"Eventos"},"content":{"rendered":"\n<div class=\"emagic\">\n            <input type=\"hidden\" id=\"ep-events-style\" value=\"rows\"\/>\n    <div class=\"ep-events-container ep-box-wrap ep-rows-view\" id=\"ep-events-container\">\n        <form id=\"ep_event_search_form\" class=\"ep-box-search-form ep-box-bottom\" name=\"ep_event_search_form\" method=\"get\" role=\"search\">\n    <div class=\"ep-bg-light ep-border ep-rounded ep-px-3 ep-box-search-form-wrap\">\n        <div class=\"ep-box-row\">\n            <div class=\"ep-box-col-8 ep-p-3 ep-position-relative ep-search-filter-bar\">\n                <div class=\"ep-input-group\">\n                    <span class=\"ep-input-group-text ep-bg-white ep-text-muted\">\n                        <span class=\"material-icons-outlined\">search<\/span>\n                    <\/span>\n                    <input name=\"keyword\" id=\"ep_event_keyword_search\" type=\"search\" class=\"ep-form-control ep-form-control-sm ep-border-start-0\" placeholder=\"Palavra-chave de pesquisa\" autocomplete=\"off\">\n                    <button class=\"ep-btn ep-btn-dark ep-btn-sm ep-z-index-1\" type=\"button\" id=\"ep_event_find_events_btn\">\n                        Encontrar eventos                    <\/button>\n                <\/div>\n                <div id=\"ep-search-filters\" class=\"ep-position-absolute ep-border ep-bg-white ep-rounded ep-p-4 ep-box-w-100 ep-shadow-sm\" style=\"visibility: hidden\" >\n            <div class=\"ep-box-row ep-text-small ep-mb-3 ep-py-4 ep-bg-light\">\n            <div class=\"ep-box-col-12 ep-text-small ep-mb-3\"><span class=\"ep-text-small ep-fw-bold ep-text-uppercase\">Pesquisas r\u00e1pidas<\/span><\/div>\n            <div class=\"ep-box-col-12\">\n                <span class=\"ep-px-2 ep-py-1 ep-di-inline-block ep-text-small ep-cursor ep-rounded-1 ep-mr-1 ep-mb-1 ep-bg-primary ep-bg-opacity-10 ep-filters-days\" id=\"ep_filter_next_weekend\" data-key=\"next_weekend\">Pr\u00f3ximo fim de semana<\/span>\n                <span class=\"ep-px-2 ep-py-1 ep-di-inline-block ep-text-small ep-cursor ep-rounded-1 ep-mr-1 ep-mb-1 ep-bg-primary ep-bg-opacity-10 ep-filters-days\" id=\"ep_filter_next_week\" data-key=\"next_week\">Semana que vem<\/span>\n                <span class=\"ep-px-2 ep-py-1 ep-di-inline-block ep-text-small ep-cursor ep-rounded-1 ep-mr-1 ep-mb-1 ep-bg-primary ep-bg-opacity-10 ep-filters-days\" id=\"ep_filter_next_month\" data-key=\"next_month\">Pr\u00f3ximo m\u00eas<\/span>\n                <span class=\"ep-px-2 ep-py-1 ep-di-inline-block ep-text-small ep-cursor ep-rounded-1 ep-mr-1 ep-mb-1 ep-bg-primary ep-bg-opacity-10 ep-filters-days\" id=\"ep_filter_online\" data-key=\"online\">On-line<\/span>\n            <\/div>\n        <\/div>\n        \n    <div class=\"ep-box-row ep-mb-3\">\n        <div class=\"ep-box-col-12 ep-fw-bold ep-text-small\">Filtros Adicionais<\/div>\n    <\/div>\n\n            <div class=\"ep-box-row ep-text-small ep-mb-2\">\n            <div class=\"ep-box-col-12 ep-text-small ep-mb-2\"><span class=\"ep-text-small ep-fw-bold ep-text-uppercase\">Per\u00edodo<\/span><\/div>\n            <div class=\"ep-box-col-4 ep-text-small\">\n                <div class=\"ep-input-group ep-mb-2\">\n                    <input type=\"text\" id=\"filter-date-from\" class=\"ep-form-control ep-form-control-sm\" placeholder=\"De\" readonly>\n                    <button class=\"ep-btn ep-btn-light ep-border ep-btn-sm ep-trigger-date-to ep-lh-0 ep-trigger-date-from\" type=\"button\"><span class=\"material-icons-outlined ep-fs-6\">calendar_month<\/span><\/button>\n                <\/div>\n            <\/div>\n            <div class=\"ep-box-col-4 ep-text-small\">\n                <div class=\"ep-input-group ep-mb-2\">\n                    <input type=\"text\" id=\"filter-date-to\" class=\"ep-form-control ep-form-control-sm\" placeholder=\"Para\" readonly>\n                    <button class=\"ep-btn ep-btn-light ep-border ep-btn-sm ep-trigger-date-to ep-lh-0\" type=\"button\" ><span class=\"material-icons-outlined ep-fs-6\">calendar_month<\/span><\/button>\n                <\/div>\n            <\/div>\n            <div class=\"ep-box-col-4 ep-text-small\" id=\"filter-date-days-section\" style=\"display:none;\">\n                <select id=\"filter-date-days\" class=\"ep-form-select ep-form-select-sm\" aria-label=\".form-select-sm example\">\n                    <option selected=\"\" value=\"all\">Todos os dias<\/option>\n                    <option value=\"weekdays\">Dias da semana<\/option>\n                    <option vlaue=\"weekends\">Finais de semana<\/option>\n                <\/select>\n            <\/div>\n        <\/div>\n    \n    <div class=\"ep-box-row ep-text-small ep-mb-3\" style=\"display:none;\">\n        <div class=\"ep-box-col-12 ep-text-small ep-mb-2 d-none\"><span class=\"small fw-bold text-uppercase\">Location<\/span><\/div>\n        <div class=\"ep-box-col-4 ep-text-small\">\n            <div class=\"ep-input-group\">\n                <input type=\"text\" class=\"ep-form-control ep-form-control-sm\" placeholder=\"Your Zip\/ Pin\">\n                    <button class=\"ep-btn ep-btn-primary ep-btn-sm\" type=\"button\"><span class=\"material-icons-outlined ep-fs-6\">my_location<\/span><\/button>\n            <\/div>\n        <\/div>\n        <div class=\"ep-box-col-4\">\n            <select class=\"ep-form-select ep-form-select-sm\" aria-label=\".form-select-sm example\">\n                <option selected=\"\">Anywhere<\/option>\n                <option>Online Only<\/option>\n                <option value=\"1\" disabled=\"\">Within 50 miles<\/option>\n                <option value=\"2\" disabled=\"\">Within 100 miles<\/option>\n                <option value=\"3\" disabled=\"\">Within 250 miles<\/option>\n                <option value=\"3\" disabled=\"\">Within 500 miles<\/option>\n            <\/select>\n        <\/div>\n        <div class=\"ep-box-col-12 ep-mt-2 ep-text-small\">\n            <div class=\"ep-text-small ep-text-muted\">Please enter your Zip\/ Pin to enable distance related search options.<\/div>\n        <\/div>\n    <\/div>\n\n    <div class=\"ep-box-row ep-text-small ep-gy-3\" >\n        \n\n        <div class=\"ep-box-col-12 ep-rounded ep-p-3 ep-my-2\" style=\"display: none;\">\n            <label for=\"customRange1\" class=\"ep-form-label ep-text-small ep-fw-bold\">Ticket Price Range<\/label>\n            <input type=\"range\" class=\"ep-form-range\" id=\"customRange1\">\n                <div class=\"ep-d-flex ep-justify-content-between\">\n                    <div class=\"ep-input-group ep-input-group-sm ep-box-w-25\">\n                        <span class=\"ep-input-group-text\">$<\/span>\n                        <input type=\"text\" class=\"ep-form-control ep-form-control-sm\" value=\"20\">\n                    <\/div>                        \n                    <div class=\"ep-input-group ep-input-group-sm ep-box-w-25\">\n                        <span class=\"ep-input-group-text\">$<\/span>\n                        <input type=\"text\" class=\"ep-form-control ep-form-control-sm\" value=\"500\">\n                    <\/div>\n                <\/div>\n        <\/div>\n\n                                <div class=\"ep-box-col-6 ep-text-small\">\n                <div class=\"ep-input-group\">\n                    <select id=\"ep-filter-types\" class=\"ep-form-control ep-form-control-sm\" placeholder=\"Tipo de evento\">\n                        <option>Tipo de evento<\/option>\n                                                <option value=\"18\">Cursos<\/option>\n                                            <\/select>\n                <\/div>\n            <\/div>\n                                    \n\n                                <div class=\"ep-box-col-6 ep-text-small\">\n                <div class=\"ep-input-group\">\n                    <select id=\"ep-filter-venues\" class=\"ep-form-control ep-form-control-sm\" placeholder=\"Local\/Local\">\n                        <option>Local \/ Localiza\u00e7\u00e3o<\/option>\n                                                <option value=\"19\">Hotel Mercure - Guarulhos\/SP<\/option>\n                                            <\/select>\n                <\/div>\n            <\/div>\n                                    \n\n                            \n                                <div class=\"ep-box-col-6 ep-text-small\">\n                <div class=\"ep-input-group\">\n                    <select id=\"ep-filter-org\" name=\"filter_organizer[]\" class=\"ep-form-control ep-form-control-sm\" placeholder=\"Organizadores\" multiple=\"multiple\">\n                                            <option value=\"20\">BIO-TRAINER<\/option>\n                                        <\/select>\n                <\/div>\n            <\/div>\n                        <\/div>\n    \n<\/div>                <div class=\"ep-search-filter-overlay\" style=\"display: none;\"><\/div>\n            <\/div>\n            <div class=\"ep-box-col-4 ep-p-3 ep-d-flex ep-align-items-center ep-justify-content-end ep-event-views-col\">\n                <div class=\"ep-btn-group ep-overflow-hidden ep-event-views-filter-group\" role=\"Event view Filters\">\n        \n            <button type=\"button\" class=\"ep-btn ep-btn-outline-primary ep_event_view_filter \" id=\"ep_event_view_card\" title=\"Visualiza\u00e7\u00e3o de grade quadrada\" data-event_view=\"square_grid\">\n            <span class=\"material-icons-outlined ep-fs-6\">grid_view<\/span>\n        <\/button>\n        \n            <button type=\"button\" class=\"ep-btn ep-btn-outline-primary ep_event_view_filter ep-active-view\" id=\"ep_event_view_list\" title=\"Visualiza\u00e7\u00e3o de linhas empilhadas\" data-event_view=\"rows\">\n            <span class=\"material-icons-outlined ep-fs-6\">view_agenda<\/span>\n        <\/button>\n        \n        \n            <button type=\"button\" class=\"ep-btn ep-btn-outline-primary ep_event_view_filter \" id=\"ep_event_view_slider\" title=\"Visualiza\u00e7\u00e3o deslizante\" data-event_view=\"slider\">\n            <span class=\"material-icons-outlined ep-fs-6\">panorama_horizontal<\/span>\n        <\/button>\n    <\/div>            <\/div>\n        <\/div>\n    <\/div>\n    <!-- Filters Applied Row -->\n    <div class=\"ep-box-row ep-mt-3\" id=\"ep_event_various_filters_section\" style=\"display:none;\">\n    <div class=\"ep-box-col-12 ep-mb-3\" id=\"ep_filter_count_clear\" >\n        <span class=\"ep-text-small ep-mr-2\" id=\"ep_total_filters_applied\"><\/span>\n        <a class=\"ep-text-small\" href=\"https:\/\/bio-trainer.com\/portal\/\">Limpar tudo<\/a>\n    <\/div>\n    <div class=\"ep-box-col-12\" id=\"ep_applied_filters_section\" ><\/div>\n<\/div>\n\n<!-- Event Loader -->\n        <div class=\"ep-event-loader\" role=\"alert\" aria-live=\"polite\" style=display:flex;>\n            <div class=\"ep-event-loader-circles-wrap\">\n                <svg class=\"ep-event-loader-circle-icon ep-event-loader-circle-icon-dot ep-event-loader-circle-dot ep-event-loader-first\" viewBox=\"0 0 15 15\" xmlns=\"http:\/\/www.w3.org\/2000\/svg\"><circle cx=\"7.5\" cy=\"7.5\" r=\"7.5\"><\/circle><\/svg>\n                <svg class=\"ep-event-loader-circle-icon ep-event-loader-circle-icon-dot ep-event-loader-circle-dot ep-event-loader-second\" viewBox=\"0 0 15 15\" xmlns=\"http:\/\/www.w3.org\/2000\/svg\"><circle cx=\"7.5\" cy=\"7.5\" r=\"7.5\"><\/circle><\/svg>\n                <svg class=\"ep-event-loader-circle-icon ep-event-loader-circle-icon-dot ep-event-loader-circle-dot ep-event-loader-third\" viewBox=\"0 0 15 15\" xmlns=\"http:\/\/www.w3.org\/2000\/svg\"><circle cx=\"7.5\" cy=\"7.5\" r=\"7.5\"><\/circle><\/svg>\n            <\/div>\n        <\/div><!-- Event Loader End -->    <!-- Filters Applied Row End -->\n<\/form>        \n        \n        <div id=\"ep-events-content-container\" class=\"ep-mt-4\">                <div class=\"ep-events ep-box-row ep-event-list-rows-container \" id=\"ep_events_front_views_rows\">\n                        <div class=\"ep-box-col-12\">\n        <div class=\"ep-event-list-item ep-bg-white ep-border ep-rounded ep-mb-4 ep-text-small\">\n         <div class=\"ep-box-row ep-m-0\">\n            \n            <div class=\"ep-box-col-3 ep-p-0 ep-bg-light ep-border-right ep-position-relative ep-rounded-tbl-right\">\n                                <a href=\"https:\/\/bio-trainer.com\/portal\/?event=18\"  class=\"ep-img-link\">\n                        <img loading=\"lazy\" decoding=\"async\" width=\"1612\" height=\"400\" src=\"https:\/\/bio-trainer.com\/portal\/wp-content\/uploads\/2023\/09\/tela-curso.jpg\" class=\"ep-img-fluid ep-box-w-100 ep-list-img-fluid ep-rounded-tbl-right wp-post-image\" alt=\"\" srcset=\"https:\/\/bio-trainer.com\/portal\/wp-content\/uploads\/2023\/09\/tela-curso.jpg 1612w, https:\/\/bio-trainer.com\/portal\/wp-content\/uploads\/2023\/09\/tela-curso-300x74.jpg 300w, https:\/\/bio-trainer.com\/portal\/wp-content\/uploads\/2023\/09\/tela-curso-1024x254.jpg 1024w, https:\/\/bio-trainer.com\/portal\/wp-content\/uploads\/2023\/09\/tela-curso-768x191.jpg 768w, https:\/\/bio-trainer.com\/portal\/wp-content\/uploads\/2023\/09\/tela-curso-1536x381.jpg 1536w, https:\/\/bio-trainer.com\/portal\/wp-content\/uploads\/2023\/09\/tela-curso-600x149.jpg 600w\" sizes=\"auto, (max-width: 1612px) 100vw, 1612px\" \/>                    <\/a>                <div class=\"ep-list-icon-group ep-position-absolute ep-bg-white ep-rounded ep-d-inline-flex\">\n                    <!--wishlist-->\n                                        <!--social sharing-->\n                                        <div class=\"ep-social-share-action-wrap\">\n                        <div class=\"ep-event-action ep-cursor ep-position-relative ep-px-2\">\n                            <span class=\"material-icons-outlined ep-handle-share ep-button-text-color ep-fs-6\">share<\/span>\n                                                        <ul class=\"ep-event-share ep-m-0 ep-px-0\" style=\"display:none;\">\n                                <li class=\"ep-event-social-icon\" title=\"\">\n                                    <a class=\"facebook\" href=\"https:\/\/www.facebook.com\/sharer\/sharer.php?u=https:\/\/bio-trainer.com\/portal\/?event=18\" onclick=\"javascript:window.open(this.href, '', 'menubar=no,toolbar=no,resizable=yes,scrollbars=yes,height=500,width=600'); return false;\" target=\"_blank\" title=\"Compartilhar no Facebook\">\n                                        <span class=\"ep-social-title\" title=\"Facebook\"> <svg xmlns=\"http:\/\/www.w3.org\/2000\/svg\" viewBox=\"0 0 320 512\"><!-- Font Awesome Pro 5.15.4 by @fontawesome - https:\/\/fontawesome.com License - https:\/\/fontawesome.com\/license (Commercial License) --><path d=\"M279.14 288l14.22-92.66h-88.91v-60.13c0-25.35 12.42-50.06 52.24-50.06h40.42V6.26S260.43 0 225.36 0c-73.22 0-121.08 44.38-121.08 124.72v70.62H22.89V288h81.39v224h100.17V288z\"\/><\/svg> Facebook<\/span>\n                                    <\/a>\n                                <\/li>\n                                <li class=\"ep-event-social-icon\">\n                                    <a class=\"twitter\" href=\"https:\/\/twitter.com\/share?url=https:\/\/bio-trainer.com\/portal\/?event=18\" onclick=\"javascript:window.open(this.href, '', 'menubar=no,toolbar=no,resizable=yes,scrollbars=yes,height=600,width=500'); return false;\" target=\"_blank\" title=\"Compartilhar no Twitter\">\n                                        <span class=\"ep-social-title\"><svg xmlns=\"http:\/\/www.w3.org\/2000\/svg\" viewBox=\"0 0 512 512\"><!-- Font Awesome Pro 5.15.4 by @fontawesome - https:\/\/fontawesome.com License - https:\/\/fontawesome.com\/license (Commercial License) --><path d=\"M459.37 151.716c.325 4.548.325 9.097.325 13.645 0 138.72-105.583 298.558-298.558 298.558-59.452 0-114.68-17.219-161.137-47.106 8.447.974 16.568 1.299 25.34 1.299 49.055 0 94.213-16.568 130.274-44.832-46.132-.975-84.792-31.188-98.112-72.772 6.498.974 12.995 1.624 19.818 1.624 9.421 0 18.843-1.3 27.614-3.573-48.081-9.747-84.143-51.98-84.143-102.985v-1.299c13.969 7.797 30.214 12.67 47.431 13.319-28.264-18.843-46.781-51.005-46.781-87.391 0-19.492 5.197-37.36 14.294-52.954 51.655 63.675 129.3 105.258 216.365 109.807-1.624-7.797-2.599-15.918-2.599-24.04 0-57.828 46.782-104.934 104.934-104.934 30.213 0 57.502 12.67 76.67 33.137 23.715-4.548 46.456-13.32 66.599-25.34-7.798 24.366-24.366 44.833-46.132 57.827 21.117-2.273 41.584-8.122 60.426-16.243-14.292 20.791-32.161 39.308-52.628 54.253z\"\/><\/svg>Twitter<\/span>\n                                    <\/a>\n                                <\/li>\n\n                                <li class=\"ep-event-social-icon\">\n                                    <a href=\"https:\/\/www.linkedin.com\/sharing\/share-offsite\/?url=https:\/\/bio-trainer.com\/portal\/?event=18\" onclick=\"javascript:window.open(this.href, '', 'menubar=no,toolbar=no,resizable=yes,scrollbars=yes,height=600,width=500'); return false;\" target=\"_blank\" title=\"Compartilhe no Linkedin\">\n                                        <span class=\"ep-social-title\"><svg xmlns=\"http:\/\/www.w3.org\/2000\/svg\" viewBox=\"0 0 448 512\"><!-- Font Awesome Pro 5.15.4 by @fontawesome - https:\/\/fontawesome.com License - https:\/\/fontawesome.com\/license (Commercial License) --><path d=\"M100.28 448H7.4V148.9h92.88zM53.79 108.1C24.09 108.1 0 83.5 0 53.8a53.79 53.79 0 0 1 107.58 0c0 29.7-24.1 54.3-53.79 54.3zM447.9 448h-92.68V302.4c0-34.7-.7-79.2-48.29-79.2-48.29 0-55.69 37.7-55.69 76.7V448h-92.78V148.9h89.08v40.8h1.3c12.4-23.5 42.69-48.3 87.88-48.3 94 0 111.28 61.9 111.28 142.3V448z\"\/><\/svg>Linkedin<\/span>\n                                    <\/a>\n                                <\/li>\n                                <li class=\"ep-event-social-icon\">\n                                    <a href=\"https:\/\/api.whatsapp.com\/send?text=https:\/\/bio-trainer.com\/portal\/?event=18\" target=\"_blank\" title=\"Compartilhe no Whatsapp\">\n                                        <span class=\"ep-social-title\"><svg xmlns=\"http:\/\/www.w3.org\/2000\/svg\" viewBox=\"0 0 448 512\"><!-- Font Awesome Pro 5.15.4 by @fontawesome - https:\/\/fontawesome.com License - https:\/\/fontawesome.com\/license (Commercial License) --><path d=\"M380.9 97.1C339 55.1 283.2 32 223.9 32c-122.4 0-222 99.6-222 222 0 39.1 10.2 77.3 29.6 111L0 480l117.7-30.9c32.4 17.7 68.9 27 106.1 27h.1c122.3 0 224.1-99.6 224.1-222 0-59.3-25.2-115-67.1-157zm-157 341.6c-33.2 0-65.7-8.9-94-25.7l-6.7-4-69.8 18.3L72 359.2l-4.4-7c-18.5-29.4-28.2-63.3-28.2-98.2 0-101.7 82.8-184.5 184.6-184.5 49.3 0 95.6 19.2 130.4 54.1 34.8 34.9 56.2 81.2 56.1 130.5 0 101.8-84.9 184.6-186.6 184.6zm101.2-138.2c-5.5-2.8-32.8-16.2-37.9-18-5.1-1.9-8.8-2.8-12.5 2.8-3.7 5.6-14.3 18-17.6 21.8-3.2 3.7-6.5 4.2-12 1.4-32.6-16.3-54-29.1-75.5-66-5.7-9.8 5.7-9.1 16.3-30.3 1.8-3.7.9-6.9-.5-9.7-1.4-2.8-12.5-30.1-17.1-41.2-4.5-10.8-9.1-9.3-12.5-9.5-3.2-.2-6.9-.2-10.6-.2-3.7 0-9.7 1.4-14.8 6.9-5.1 5.6-19.4 19-19.4 46.3 0 27.3 19.9 53.7 22.6 57.4 2.8 3.7 39.1 59.7 94.8 83.8 35.2 15.2 49 16.5 66.6 13.9 10.7-1.6 32.8-13.4 37.4-26.4 4.6-13 4.6-24.1 3.2-26.4-1.3-2.5-5-3.9-10.5-6.6z\"\/><\/svg>Whatsapp<\/span>\n                                    <\/a>\n                                <\/li>\n                            <\/ul>\n                        <\/div>\n                    <\/div>\n                                    <\/div>\n            <\/div>\n\n                        \n            <div class=\"ep-box-col-6 ep-p-4 ep-text-small\">\n                <div class=\"ep-box-list-item\">\n                    <div class=\"ep-box-title ep-box-list-title ep-text-truncate\">\n                        <!-- Event Type -->\n                                                        <div class=\"ep-text-small ep-text-uppercase ep-text-warning ep-fw-bold\">\/ Cursos                                <\/div>                        <!-- Event Title -->\n                        <a class=\"ep-fs-5 ep-fw-bold ep-text-dark\" data-event-id=\"18\" href=\"https:\/\/bio-trainer.com\/portal\/?event=18\"  rel=\"noopener\">\n                            Mini-curso Bio-Trainer [SP] [PRESENCIAL]                        <\/a>\n                    <\/div>\n                    <!-- Venue -->\n                                                <div class=\"ep-mb-2 ep-text-small ep-text-muted ep-text-truncate\">Hotel Mercure - Guarulhos\/SP                            <\/div>                    <!-- Event Description -->\n                    <div class=\"ep-box-list-desc ep-text-small ep-mt-3 ep-content-truncate ep-content-truncate-line-4\">\n                        Evento somente Presencial. N\u00e3o haver\u00e1 transmiss\u00e3o online. P\u00fablico-alvo: Profissionais das \u00c1reas de Sa\u00fade, Educa\u00e7\u00e3o e Desenvolvimento Humano Pontos-chave do Conte\u00fado: Biofeedback: Domine T\u00e9cnicas de Autorregula\u00e7\u00e3o para Enriquecer seus Atendimentos Explorando a Variabilidade da Frequ\u00eancia Card\u00edaca:&hellip;                    <\/div>\n\n                    <!-- Hook after event description -->\n                                    <\/div>\n            <\/div>\n\n            <div class=\"ep-box-col-3 ep-box-list-right-col ep-px-0 ep-pt-4 ep-rounded-tbr-right ep-overflow-hidden ep-border-left ep-position-relative ep-d-flex ep-box-direction\">\n                <div class=\"ep-px-2 ep-text-end ep-list-view-pricing-area ep-d-flex ep-box-direction ep-flex-1\">\n                    <div class=\"ep-event-list-view-action ep-flex-wrap ep-content-right\">\n                                                        <span class=\"ep-event-date ep-fw-bold ep-text-dark\">Sentado, 11 nov,&nbsp;                                <\/span>                                            <span>09:00                                                     - 18:00                                            <\/span>                    <\/div>\n                    \n                    <!-- Event Price -->\n                                        <div class=\"ep-event-list-price ep-my-2 ep-text-dark ep-align-items-center ep-d-flex\">\n                        <span class=\"material-icons-outlined ep-align-middle ep-fs-5 ep-mr-1\">confirmation_number<\/span>                            <span class=\"ep-fw-bold ep-lh-0 ep-ml-1\"> R$350,00                            <\/span>                    <\/div>                    \n                    \n                    <!-- Booking Status -->\n                                    <\/div>\n\n                \n                <div class=\"ep-align-self-end ep-list-view-btn-area ep-p-2 ep-bg-white ep-box-w-100 ep-mt-auto\">\n                                                        \n\t\t\t\t<a href=\"https:\/\/bio-trainer.com\/portal\/?event=18\" >\n\t\t\t\t\t<div class=\"ep-btn ep-btn-dark ep-box-w-100 ep-my-0 ep-py-2\">\n\t\t\t\t\t\t<span class=\"ep-fw-bold ep-text-small\">\n\t\t\t\t\t\t    Ver detalhes\t\t\t\t\t\t<\/span>\n\t\t\t\t\t<\/div>\n\t\t\t\t<\/a>                <\/div>\n\n            <\/div>\n            \n         <\/div>\n    <\/div>\n    <\/div>\n                <\/div>            \n        <\/div>\n            <\/div>\n<\/div>\n","protected":false},"excerpt":{"rendered":"","protected":false},"author":1,"featured_media":0,"parent":0,"menu_order":0,"comment_status":"closed","ping_status":"closed","template":"","meta":{"footnotes":""},"class_list":["post-7","page","type-page","status-publish"],"_links":{"self":[{"href":"https:\/\/bio-trainer.com\/portal\/wp-json\/wp\/v2\/pages\/7","targetHints":{"allow":["GET"]}}],"collection":[{"href":"https:\/\/bio-trainer.com\/portal\/wp-json\/wp\/v2\/pages"}],"about":[{"href":"https:\/\/bio-trainer.com\/portal\/wp-json\/wp\/v2\/types\/page"}],"author":[{"embeddable":true,"href":"https:\/\/bio-trainer.com\/portal\/wp-json\/wp\/v2\/users\/1"}],"replies":[{"embeddable":true,"href":"https:\/\/bio-trainer.com\/portal\/wp-json\/wp\/v2\/comments?post=7"}],"version-history":[{"count":1,"href":"https:\/\/bio-trainer.com\/portal\/wp-json\/wp\/v2\/pages\/7\/revisions"}],"predecessor-version":[{"id":36,"href":"https:\/\/bio-trainer.com\/portal\/wp-json\/wp\/v2\/pages\/7\/revisions\/36"}],"wp:attachment":[{"href":"https:\/\/bio-trainer.com\/portal\/wp-json\/wp\/v2\/media?parent=7"}],"curies":[{"name":"wp","href":"https:\/\/api.w.org\/{rel}","templated":true}]}}